{"id":85,"date":"2020-08-22T21:23:09","date_gmt":"2020-08-23T03:23:09","guid":{"rendered":"http:\/\/www.maternandojalisco.org\/?page_id=85"},"modified":"2022-04-02T21:02:30","modified_gmt":"2022-04-03T03:02:30","slug":"acerca-de-2","status":"publish","type":"page","link":"https:\/\/maternandoac.org\/?page_id=85","title":{"rendered":"Acerca de"},"content":{"rendered":"\n<p class=\"has-text-align-center\">Ofrecemos servicios de acompa\u00f1amiento en el per\u00edodo posparto. Atendemos a mam\u00e1s que residan en la AMG sin distinci\u00f3n econ\u00f3mica, pol\u00edtica, social o cultural.<\/p>\n\n\n\n<div class=\"wp-block-group alignwide has-no-padding has-tertiary-background-color has-background is-layout-flow wp-block-group-is-layout-flow\">\n<h2 class=\"has-text-align-center wp-block-heading\">Filosof\u00eda Institucional<\/h2>\n\n\n\n<div class=\"wp-block-coblocks-features coblocks-features-722224110105\"><div class=\"wp-block-coblocks-features__inner has-columns has-3-columns has-responsive-columns has-center-content has-medium-gutter\">\n<div class=\"wp-block-coblocks-feature coblocks-feature-722224110213\"><div class=\"wp-block-coblocks-feature__inner has-no-padding\"><div class=\"wp-block-coblocks-icon\">\n\t\t\t\t<div class=\"wp-block-coblocks-icon__inner\" style=\"height: 60px; width: 60px;\">\n\t\t\t\t\t<svg fill=\"none\" viewBox=\"0 0 20 20\" xmlns=\"http:\/\/www.w3.org\/2000\/svg\"><path d=\"m10.0268555 5.68859375.97 2.29.47 1.11 1.2.1 2.47.21-1.88 1.62999995-.91.79.27 1.18.56 2.41-2.12-1.28-1.03-.64-1.03000003.62-2.12 1.28.56-2.41.27-1.18-.91-.79-1.88-1.62999995 2.47-.21 1.2-.1.47-1.11zm0-5.13-2.81000003 6.63-7.19.61 5.46 4.72999995-1.64 7.03 6.18000003-3.73 6.18 3.73-1.64-7.03 5.46-4.72999995-7.19-.61z\" fill=\"currentColor\" \/><\/svg>\n\t\t\t\t<\/div>\n\t\t\t<\/div>\n\n\n<h4 class=\"wp-block-heading\">Misi\u00f3n<\/h4>\n\n\n\n<p>Ser una organizaci\u00f3n preocupada por prevenir y atender las complicaciones psicol\u00f3gicas y sociales que se presentan durante el per\u00edodo posparto buscando brindar una atenci\u00f3n especializada e integral para asegurar el desarrollo \u00f3ptimo delas mujeres que son mam\u00e1s, as\u00ed como de sus familias.<\/p>\n<\/div><\/div>\n\n\n\n<div class=\"wp-block-coblocks-feature coblocks-feature-722224110215\"><div class=\"wp-block-coblocks-feature__inner has-no-padding\"><div class=\"wp-block-coblocks-icon\">\n\t\t\t\t<div class=\"wp-block-coblocks-icon__inner\" style=\"height: 60px; width: 60px;\">\n\t\t\t\t\t<svg fill=\"none\" viewBox=\"0 0 20 20\" xmlns=\"http:\/\/www.w3.org\/2000\/svg\"><path d=\"m4.08163265 16.3265306c-2.25510204 0-4.08163265-1.8265306-4.08163265-4.0816326 0-2.25510208 1.82653061-4.08163269 4.08163265-4.08163269s4.08163266 1.82653061 4.08163266 4.08163269c0 2.255102-1.82653062 4.0816326-4.08163266 4.0816326zm0-6.122449c-1.12244898 0-2.04081632.9183674-2.04081632 2.0408164 0 1.1224489.91836734 2.0408163 2.04081632 2.0408163s2.04081633-.9183674 2.04081633-2.0408163c0-1.122449-.91836735-2.0408164-2.04081633-2.0408164zm7.08163265-2.04081629c-2.25510203 0-4.08163265-1.82653062-4.08163265-4.08163266s1.82653062-4.08163265 4.08163265-4.08163265c2.255102 0 4.0816327 1.82653061 4.0816327 4.08163265s-1.8265307 4.08163266-4.0816327 4.08163266zm0-6.12244898c-1.122449 0-2.04081632.91836734-2.04081632 2.04081632s.91836732 2.04081633 2.04081632 2.04081633 2.0408163-.91836735 2.0408163-2.04081633-.9183673-2.04081632-2.0408163-2.04081632zm4.7142857 17.95918367c-2.255102 0-4.0816326-1.8265306-4.0816326-4.0816327 0-2.255102 1.8265306-4.0816326 4.0816326-4.0816326 2.2551021 0 4.0816327 1.8265306 4.0816327 4.0816326 0 2.2551021-1.8265306 4.0816327-4.0816327 4.0816327zm0-6.122449c-1.122449 0-2.0408163.9183674-2.0408163 2.0408163 0 1.122449.9183673 2.0408164 2.0408163 2.0408164s2.0408163-.9183674 2.0408163-2.0408164c0-1.1224489-.9183673-2.0408163-2.0408163-2.0408163z\" fill=\"currentColor\" \/><\/svg>\n\t\t\t\t<\/div>\n\t\t\t<\/div>\n\n\n<h4 class=\"wp-block-heading\">Visi\u00f3n<\/h4>\n\n\n\n<p>Convertirnos en una organizaci\u00f3n con crecimiento a nivel nacional para posicionar el tema de maternidad post-parto como importante dentro de la agenda p\u00fablica de M\u00e9xico con la intenci\u00f3n de prevenir y atender las complicaciones psicol\u00f3gicas que se presentan durante el per\u00edodo posparto, promoviendo el desarrollo \u00f3ptimo de las mujeres que son mam\u00e1s, as\u00ed como de sus familias.<\/p>\n<\/div><\/div>\n\n\n\n<div class=\"wp-block-coblocks-feature coblocks-feature-722224114499\"><div class=\"wp-block-coblocks-feature__inner has-no-padding\"><div class=\"wp-block-coblocks-icon\">\n\t\t\t\t<div class=\"wp-block-coblocks-icon__inner\" style=\"height: 60px; width: 60px;\">\n\t\t\t\t\t<svg fill=\"none\" viewBox=\"0 0 20 20\" xmlns=\"http:\/\/www.w3.org\/2000\/svg\"><path d=\"m5.45454545 9.09090909h-5.45454545v1.81818181h5.45454545zm1.97272728-2.94545454-1.92727273-1.92727273-1.28181818 1.28181818 1.92727273 1.92727273zm3.48181817-6.14545455h-1.81818181v5.45454545h1.81818181zm4.8727273 5.5-1.2818182-1.28181818-1.9272727 1.92727273 1.2818182 1.28181818zm-1.2363637 3.59090909v1.81818181h5.4545455v-1.81818181zm-4.5454545-1.81818182c-1.50909091 0-2.72727273 1.21818182-2.72727273 2.72727273 0 1.5090909 1.21818182 2.7272727 2.72727273 2.7272727 1.5090909 0 2.7272727-1.2181818 2.7272727-2.7272727 0-1.50909091-1.2181818-2.72727273-2.7272727-2.72727273zm2.5727273 6.58181823 1.9272727 1.9272727 1.2818182-1.2818182-1.9272727-1.9272727zm-8.35454548.6454545 1.28181818 1.2818182 1.92727273-1.9272727-1.28181818-1.2818182zm4.87272727 5.5h1.81818181v-5.4545455h-1.81818181z\" fill=\"currentColor\" \/><\/svg>\n\t\t\t\t<\/div>\n\t\t\t<\/div>\n\n\n<h4 class=\"wp-block-heading\">Valores<\/h4>\n\n\n\n<p>Empat\u00eda con las madres y familias que se encuentran en proceso de adaptaci\u00f3n ante un beb\u00e9.<br>Respeto ante la diversidad cultural existente dentro del tema de la maternidad.<br>Confianza mutua entre los profesionales que ofertan nuestros servicios y los usuarios que hacen uso de ellos.<br>Eficiencia y eficacia en nuestro modelo de atenci\u00f3n para que los profesionales de la salud y las familias que hacen uso de nuestros servicios obtengan resultados y puedan aplicarlos en su vida profesional o cotidiana.<\/p>\n<\/div><\/div>\n<\/div><\/div>\n<\/div>\n\n\n\n<div class=\"wp-block-group alignwide has-no-padding is-layout-flow wp-block-group-is-layout-flow\">\n<h2 class=\"has-text-align-center wp-block-heading\">Acompa\u00f1amiento, asesor\u00edas y capacitaciones en temas de<\/h2>\n\n\n\n<figure class=\"wp-block-image size-full is-resized\"><img loading=\"lazy\" decoding=\"async\" src=\"http:\/\/www.maternandojalisco.org\/wp-content\/uploads\/2020\/08\/Acompanamiento.jpg\" alt=\"\" class=\"wp-image-87\" width=\"1130\" height=\"484\" srcset=\"https:\/\/maternandoac.org\/wp-content\/uploads\/2020\/08\/Acompanamiento.jpg 960w, https:\/\/maternandoac.org\/wp-content\/uploads\/2020\/08\/Acompanamiento-600x257.jpg 600w, https:\/\/maternandoac.org\/wp-content\/uploads\/2020\/08\/Acompanamiento-300x128.jpg 300w, https:\/\/maternandoac.org\/wp-content\/uploads\/2020\/08\/Acompanamiento-768x329.jpg 768w\" sizes=\"auto, (max-width: 1130px) 100vw, 1130px\" \/><\/figure>\n<\/div>\n\n\n\n<div class=\"wp-block-group alignwide has-no-padding has-tertiary-background-color has-background is-layout-flow wp-block-group-is-layout-flow\">\n<h2 class=\"has-text-align-center wp-block-heading\">Orientaci\u00f3n Laboral<\/h2>\n\n\n\n<div class=\"wp-block-coblocks-features coblocks-features-722223456238\"><div class=\"wp-block-coblocks-features__inner has-columns has-2-columns has-responsive-columns has-center-content has-medium-gutter\">\n<div class=\"wp-block-coblocks-feature coblocks-feature-722223456343\"><div class=\"wp-block-coblocks-feature__inner has-no-padding\"><div class=\"wp-block-coblocks-icon\">\n\t\t\t\t<div class=\"wp-block-coblocks-icon__inner\" style=\"height: 60px; width: 60px;\">\n\t\t\t\t\t<svg fill=\"none\" viewBox=\"0 0 20 20\" xmlns=\"http:\/\/www.w3.org\/2000\/svg\"><path d=\"m4.63589015 9.40022032v3.64467918l6.37818865 3.4806687 6.3781886-3.4806687v-3.64467918l-6.3781886 3.48066868zm6.37818865-9.2757086-10.02286786 5.46701882 10.02286786 5.46701886 8.2005282-4.47384377v6.29618337h1.8223396v-7.28935846z\" transform=\"translate(-1 1.713379)\" fill=\"currentColor\" \/><\/svg>\n\t\t\t\t<\/div>\n\t\t\t<\/div>\n\n\n<h4 class=\"wp-block-heading\">Capacitaci\u00f3n para emprender<\/h4>\n<\/div><\/div>\n\n\n\n<div class=\"wp-block-coblocks-feature coblocks-feature-722223456345\"><div class=\"wp-block-coblocks-feature__inner has-no-padding\"><div class=\"wp-block-coblocks-icon\">\n\t\t\t\t<div class=\"wp-block-coblocks-icon__inner\" style=\"height: 60px; width: 60px;\">\n\t\t\t\t\t<svg fill=\"none\" viewBox=\"0 0 20 20\" xmlns=\"http:\/\/www.w3.org\/2000\/svg\"><path d=\"m19.6627376 17.0986011-8.2473132-8.24731315c.8447138-2.1254089.4087325-4.63230145-1.307944-6.35806082-2.08907708-2.08907713-5.34077104-2.27981895-7.65692177-.59039136l3.48785051 3.49693345-1.28977806 1.28069511-3.47876756-3.47876757c-1.68942759 2.30706779-1.49868577 5.56784469.59039136 7.64783884 1.68942759 1.6894276 4.15090542 2.1344919 6.25814844 1.3442758l8.27456198 8.274562c.3542348.3542348.9264603.3542348 1.2806951 0l2.0890772-2.0890772c.3633177-.3451518.3633177-.9173773 0-1.2806951zm-2.7248832 1.4532711-8.5924651-8.59246508c-.55405958.40873248-1.17169978.65397198-1.8165888.74480138-1.23528039.1816589-2.53414139-.1907418-3.47876757-1.13536797-.86287968-.85379674-1.26252922-1.99824769-1.19894861-3.12453275l2.80662971 2.80662971 3.85116827-3.85116827-2.80662971-2.80662971c1.12628506-.0635806 2.26165307.33606893 3.12453275 1.18986567.98095795.98095796 1.35335866 2.33431662 1.12628506 3.59684584-.10899533.64488902-.38148365 1.24436333-.79929908 1.78025703l8.58338208 8.58338215z\" fill=\"currentColor\" transform=\"translate(0 -.734049)\" \/><\/svg>\n\t\t\t\t<\/div>\n\t\t\t<\/div>\n\n\n<h4 class=\"wp-block-heading\">Programa de Inserci\u00f3n Laboral<\/h4>\n<\/div><\/div>\n<\/div><\/div>\n<\/div>\n\n\n\n<div class=\"wp-block-group alignwide has-no-padding is-layout-flow wp-block-group-is-layout-flow\">\n<h2 class=\"has-text-align-center wp-block-heading\">Caracter\u00edsticas de los Grupos de Apoyo<\/h2>\n\n\n\n<div class=\"wp-block-image\"><figure class=\"aligncenter size-medium\"><img loading=\"lazy\" decoding=\"async\" width=\"300\" height=\"224\" src=\"http:\/\/www.maternandojalisco.org\/wp-content\/uploads\/2020\/08\/Apoyo-300x224.jpg\" alt=\"\" class=\"wp-image-93\" srcset=\"https:\/\/maternandoac.org\/wp-content\/uploads\/2020\/08\/Apoyo-300x224.jpg 300w, https:\/\/maternandoac.org\/wp-content\/uploads\/2020\/08\/Apoyo-600x449.jpg 600w, https:\/\/maternandoac.org\/wp-content\/uploads\/2020\/08\/Apoyo-768x574.jpg 768w, https:\/\/maternandoac.org\/wp-content\/uploads\/2020\/08\/Apoyo.jpg 960w\" sizes=\"auto, (max-width: 300px) 100vw, 300px\" \/><\/figure><\/div>\n\n\n\n<p>Contar con un objetivo<br>Hacer \u00e9nfasis en abordar el \u201cproblema\u201d por el cual se re\u00fane el grupo<br>Brinde de herramientas para enfrentar la situaci\u00f3n<br>Acompa\u00f1amiento de mam\u00e1 a mam\u00e1<br>La facilitadora funciona como contenci\u00f3n emocional<br>Ser confidencial<\/p>\n<\/div>\n\n\n\n<div class=\"wp-block-group alignwide has-huge-padding has-tertiary-background-color has-background is-layout-flow wp-block-group-is-layout-flow\">\n<h2 class=\"wp-block-heading\">En Maternando A.C. te acompa\u00f1amos durante tu posparto a trav\u00e9s de los siguientes servicios:<\/h2>\n\n\n\n<div class=\"wp-block-coblocks-accordion\">\n<div class=\"wp-block-coblocks-accordion-item\"><details><summary class=\"wp-block-coblocks-accordion-item__title\">Psicoterapia (en casos de depresi\u00f3n y complicaciones posparto)<\/summary><div class=\"wp-block-coblocks-accordion-item__content\">\n<p><\/p>\n<\/div><\/details><\/div>\n\n\n\n<div class=\"wp-block-coblocks-accordion-item\"><details><summary class=\"wp-block-coblocks-accordion-item__title\">Asesor\u00eda en Lactancia Materna<\/summary><div class=\"wp-block-coblocks-accordion-item__content\">\n<p><\/p>\n<\/div><\/details><\/div>\n\n\n\n<div class=\"wp-block-coblocks-accordion-item\"><details><summary class=\"wp-block-coblocks-accordion-item__title\">Asesor\u00eda en Nutrici\u00f3n<\/summary><div class=\"wp-block-coblocks-accordion-item__content\">\n<p><\/p>\n<\/div><\/details><\/div>\n\n\n\n<div class=\"wp-block-coblocks-accordion-item\"><details><summary class=\"wp-block-coblocks-accordion-item__title\">Consulta psiqui\u00e1trica<\/summary><div class=\"wp-block-coblocks-accordion-item__content\">\n<p><\/p>\n<\/div><\/details><\/div>\n\n\n\n<div class=\"wp-block-coblocks-accordion-item\"><details><summary class=\"wp-block-coblocks-accordion-item__title\">Consulta Familiar de Trabajo Social (en casos de depresi\u00f3n y complicaciones posparto)<\/summary><div class=\"wp-block-coblocks-accordion-item__content\">\n<p><\/p>\n<\/div><\/details><\/div>\n\n\n\n<div class=\"wp-block-coblocks-accordion-item\"><details><summary class=\"wp-block-coblocks-accordion-item__title\">Grupo de Apoyo al Duelo Gestacional y Perinatal<\/summary><div class=\"wp-block-coblocks-accordion-item__content\">\n<p><\/p>\n<\/div><\/details><\/div>\n\n\n\n<div class=\"wp-block-coblocks-accordion-item\"><details><summary class=\"wp-block-coblocks-accordion-item__title\">C\u00edrculo de Maternaje<\/summary><div class=\"wp-block-coblocks-accordion-item__content\">\n<p><\/p>\n<\/div><\/details><\/div>\n<\/div>\n<\/div>\n\n\n\n<h2 class=\"wp-block-heading\">INFORME ANUAL 2021<\/h2>\n\n\n\n<div data-wp-interactive=\"core\/file\" class=\"wp-block-file\"><object data-wp-bind--hidden=\"!state.hasPdfPreview\" hidden class=\"wp-block-file__embed\" data=\"http:\/\/www.maternandojalisco.org\/wp-content\/uploads\/2022\/04\/INFORME-ANUAL-MATERNANDO-2021.pdf\" type=\"application\/pdf\" style=\"width:100%;height:600px\" aria-label=\"Incrustado de Incrustado de INFORME-ANUAL-MATERNANDO-2021..\"><\/object><a id=\"wp-block-file--media-cade1d30-8adf-40db-a6a7-45e4aefece74\" href=\"http:\/\/www.maternandojalisco.org\/wp-content\/uploads\/2022\/04\/INFORME-ANUAL-MATERNANDO-2021.pdf\">INFORME-ANUAL-MATERNANDO-2021<\/a><a href=\"http:\/\/www.maternandojalisco.org\/wp-content\/uploads\/2022\/04\/INFORME-ANUAL-MATERNANDO-2021.pdf\" class=\"wp-block-file__button\" download aria-describedby=\"wp-block-file--media-cade1d30-8adf-40db-a6a7-45e4aefece74\">Descarga<\/a><\/div>\n","protected":false},"excerpt":{"rendered":"<p>Ofrecemos servicios de acompa\u00f1amiento en el per\u00edodo posparto. Atendemos a mam\u00e1s que residan en la AMG sin distinci\u00f3n econ\u00f3mica, pol\u00edtica, social o cultural. Filosof\u00eda Institucional Acompa\u00f1amiento, asesor\u00edas y capacitaciones en temas de Orientaci\u00f3n Laboral Caracter\u00edsticas de los Grupos de Apoyo Contar con un objetivoHacer \u00e9nfasis en abordar el \u201cproblema\u201d por el cual se re\u00fane el [&hellip;]<\/p>\n","protected":false},"author":3,"featured_media":0,"parent":0,"menu_order":0,"comment_status":"closed","ping_status":"closed","template":"","meta":{"_coblocks_attr":"","_coblocks_dimensions":"","_coblocks_responsive_height":"","_coblocks_accordion_ie_support":"","footnotes":""},"class_list":["post-85","page","type-page","status-publish","hentry"],"_links":{"self":[{"href":"https:\/\/maternandoac.org\/index.php?rest_route=\/wp\/v2\/pages\/85","targetHints":{"allow":["GET"]}}],"collection":[{"href":"https:\/\/maternandoac.org\/index.php?rest_route=\/wp\/v2\/pages"}],"about":[{"href":"https:\/\/maternandoac.org\/index.php?rest_route=\/wp\/v2\/types\/page"}],"author":[{"embeddable":true,"href":"https:\/\/maternandoac.org\/index.php?rest_route=\/wp\/v2\/users\/3"}],"replies":[{"embeddable":true,"href":"https:\/\/maternandoac.org\/index.php?rest_route=%2Fwp%2Fv2%2Fcomments&post=85"}],"version-history":[{"count":4,"href":"https:\/\/maternandoac.org\/index.php?rest_route=\/wp\/v2\/pages\/85\/revisions"}],"predecessor-version":[{"id":145,"href":"https:\/\/maternandoac.org\/index.php?rest_route=\/wp\/v2\/pages\/85\/revisions\/145"}],"wp:attachment":[{"href":"https:\/\/maternandoac.org\/index.php?rest_route=%2Fwp%2Fv2%2Fmedia&parent=85"}],"curies":[{"name":"wp","href":"https:\/\/api.w.org\/{rel}","templated":true}]}}