{"id":8,"date":"2020-08-17T21:59:16","date_gmt":"2020-08-17T21:59:16","guid":{"rendered":"http:\/\/www.maternandojalisco.org\/inicio\/"},"modified":"2024-11-16T23:06:36","modified_gmt":"2024-11-17T05:06:36","slug":"inicio","status":"publish","type":"page","link":"https:\/\/maternandoac.org\/?page_id=8","title":{"rendered":"Maternando A.C."},"content":{"rendered":"\n<div class=\"wp-block-columns are-vertically-aligned-top is-layout-flex wp-container-core-columns-is-layout-28f84493 wp-block-columns-is-layout-flex\">\n<div class=\"wp-block-column is-vertically-aligned-top is-layout-flow wp-block-column-is-layout-flow\" style=\"flex-basis:100%\">\n<div aria-label=\"Carousel Gallery\" class=\"wp-block-coblocks-gallery-carousel alignfull coblocks-animate\" data-coblocks-animation=\"slideInLeft\"><div class=\"coblocks-gallery-carousel-swiper-container is-cropped coblocks-gallery has-caption-style-dark has-horizontal-gutter has-no-thumbnails\"><div class=\"has-carousel has-carousel-lrg swiper-container\" data-swiper=\"{&quot;alignCells&quot;:false,&quot;autoPlay&quot;:true,&quot;autoPlaySpeed&quot;:3000,&quot;draggable&quot;:false,&quot;freeMode&quot;:false,&quot;loop&quot;:false,&quot;navigation&quot;:true,&quot;pageDots&quot;:false,&quot;pauseHover&quot;:false,&quot;responsiveHeight&quot;:false,&quot;slidesPerView&quot;:2,&quot;thumbnails&quot;:false,&quot;uuid&quot;:&quot;12345&quot;}\" style=\"height:400px\"><div class=\"swiper-wrapper\"><div class=\"swiper-slide\"><div class=\"coblocks-gallery--item\" role=\"button\" tabindex=\"0\"><figure class=\"coblocks-gallery--figure has-margin-left-5 has-margin-left-mobile-5 has-margin-right-5 has-margin-right-mobile-5\"><img loading=\"lazy\" decoding=\"async\" width=\"1024\" height=\"343\" alt=\"\" class=\"wp-image-163\" data-id=\"163\" data-link=\"https:\/\/maternandoac.org\/?attachment_id=163\" src=\"https:\/\/maternandoac.org\/wp-content\/uploads\/2022\/05\/WhatsApp-Image-2022-05-24-at-7.49.47-PM-1024x343.jpeg\"\/><\/figure><figcaption class=\"coblocks-gallery--caption coblocks-gallery--primary-caption\"><\/figcaption><\/div><\/div><div class=\"swiper-slide\"><div class=\"coblocks-gallery--item\" role=\"button\" tabindex=\"1\"><figure class=\"coblocks-gallery--figure has-margin-left-5 has-margin-left-mobile-5 has-margin-right-5 has-margin-right-mobile-5\"><img loading=\"lazy\" decoding=\"async\" width=\"960\" height=\"605\" alt=\"\" class=\"wp-image-123\" data-id=\"123\" data-link=\"https:\/\/maternandoac.org\/?attachment_id=123\" src=\"https:\/\/maternandoac.org\/wp-content\/uploads\/2020\/08\/Trabajo-Social.jpg\" srcset=\"https:\/\/maternandoac.org\/wp-content\/uploads\/2020\/08\/Trabajo-Social.jpg 960w, https:\/\/maternandoac.org\/wp-content\/uploads\/2020\/08\/Trabajo-Social-600x378.jpg 600w, https:\/\/maternandoac.org\/wp-content\/uploads\/2020\/08\/Trabajo-Social-300x189.jpg 300w, https:\/\/maternandoac.org\/wp-content\/uploads\/2020\/08\/Trabajo-Social-768x484.jpg 768w\" sizes=\"auto, (max-width: 960px) 100vw, 960px\" \/><\/figure><figcaption class=\"coblocks-gallery--caption coblocks-gallery--primary-caption\"><\/figcaption><\/div><\/div><div class=\"swiper-slide\"><div class=\"coblocks-gallery--item\" role=\"button\" tabindex=\"2\"><figure class=\"coblocks-gallery--figure has-margin-left-5 has-margin-left-mobile-5 has-margin-right-5 has-margin-right-mobile-5\"><img loading=\"lazy\" decoding=\"async\" width=\"940\" height=\"788\" alt=\"\" class=\"wp-image-119\" data-id=\"119\" data-link=\"https:\/\/maternandoac.org\/?attachment_id=119\" src=\"https:\/\/maternandoac.org\/wp-content\/uploads\/2020\/08\/1.png\" srcset=\"https:\/\/maternandoac.org\/wp-content\/uploads\/2020\/08\/1.png 940w, https:\/\/maternandoac.org\/wp-content\/uploads\/2020\/08\/1-600x503.png 600w, https:\/\/maternandoac.org\/wp-content\/uploads\/2020\/08\/1-300x251.png 300w, https:\/\/maternandoac.org\/wp-content\/uploads\/2020\/08\/1-768x644.png 768w\" sizes=\"auto, (max-width: 940px) 100vw, 940px\" \/><\/figure><figcaption class=\"coblocks-gallery--caption coblocks-gallery--primary-caption\"><\/figcaption><\/div><\/div><div class=\"swiper-slide\"><div class=\"coblocks-gallery--item\" role=\"button\" tabindex=\"3\"><figure class=\"coblocks-gallery--figure has-margin-left-5 has-margin-left-mobile-5 has-margin-right-5 has-margin-right-mobile-5\"><img loading=\"lazy\" decoding=\"async\" width=\"1024\" height=\"683\" alt=\"\" class=\"wp-image-109\" data-id=\"109\" data-link=\"https:\/\/maternandoac.org\/?attachment_id=109\" src=\"https:\/\/maternandoac.org\/wp-content\/uploads\/2020\/08\/7974-1024x683.jpg\" srcset=\"https:\/\/maternandoac.org\/wp-content\/uploads\/2020\/08\/7974-1024x683.jpg 1024w, https:\/\/maternandoac.org\/wp-content\/uploads\/2020\/08\/7974-scaled-600x400.jpg 600w, https:\/\/maternandoac.org\/wp-content\/uploads\/2020\/08\/7974-300x200.jpg 300w, https:\/\/maternandoac.org\/wp-content\/uploads\/2020\/08\/7974-768x512.jpg 768w, https:\/\/maternandoac.org\/wp-content\/uploads\/2020\/08\/7974-1536x1024.jpg 1536w, https:\/\/maternandoac.org\/wp-content\/uploads\/2020\/08\/7974-2048x1365.jpg 2048w\" sizes=\"auto, (max-width: 1024px) 100vw, 1024px\" \/><\/figure><figcaption class=\"coblocks-gallery--caption coblocks-gallery--primary-caption\">Breastfeeding caucasian blonde baby. Close-up head portrait.<\/figcaption><\/div><\/div><div class=\"swiper-slide\"><div class=\"coblocks-gallery--item\" role=\"button\" tabindex=\"4\"><figure class=\"coblocks-gallery--figure has-margin-left-5 has-margin-left-mobile-5 has-margin-right-5 has-margin-right-mobile-5\"><img loading=\"lazy\" decoding=\"async\" width=\"1024\" height=\"957\" alt=\"\" class=\"wp-image-273\" data-id=\"273\" data-link=\"https:\/\/maternandoac.org\/?attachment_id=273\" src=\"https:\/\/maternandoac.org\/wp-content\/uploads\/2024\/11\/LOGOTIPO-MATERNANDO-2-1024x957.jpg\" srcset=\"https:\/\/maternandoac.org\/wp-content\/uploads\/2024\/11\/LOGOTIPO-MATERNANDO-2-1024x957.jpg 1024w, https:\/\/maternandoac.org\/wp-content\/uploads\/2024\/11\/LOGOTIPO-MATERNANDO-2-600x561.jpg 600w, https:\/\/maternandoac.org\/wp-content\/uploads\/2024\/11\/LOGOTIPO-MATERNANDO-2-300x280.jpg 300w, https:\/\/maternandoac.org\/wp-content\/uploads\/2024\/11\/LOGOTIPO-MATERNANDO-2-768x718.jpg 768w, https:\/\/maternandoac.org\/wp-content\/uploads\/2024\/11\/LOGOTIPO-MATERNANDO-2.jpg 1156w\" sizes=\"auto, (max-width: 1024px) 100vw, 1024px\" \/><\/figure><figcaption class=\"coblocks-gallery--caption coblocks-gallery--primary-caption\"><\/figcaption><\/div><\/div><div class=\"swiper-slide\"><div class=\"coblocks-gallery--item\" role=\"button\" tabindex=\"5\"><figure class=\"coblocks-gallery--figure has-margin-left-5 has-margin-left-mobile-5 has-margin-right-5 has-margin-right-mobile-5\"><img loading=\"lazy\" decoding=\"async\" width=\"1024\" height=\"266\" alt=\"\" class=\"wp-image-274\" data-id=\"274\" data-link=\"https:\/\/maternandoac.org\/?attachment_id=274\" src=\"https:\/\/maternandoac.org\/wp-content\/uploads\/2024\/11\/LOGOTIPO-MATERNANDO-1024x266.jpg\" srcset=\"https:\/\/maternandoac.org\/wp-content\/uploads\/2024\/11\/LOGOTIPO-MATERNANDO-1024x266.jpg 1024w, https:\/\/maternandoac.org\/wp-content\/uploads\/2024\/11\/LOGOTIPO-MATERNANDO-600x156.jpg 600w, https:\/\/maternandoac.org\/wp-content\/uploads\/2024\/11\/LOGOTIPO-MATERNANDO-300x78.jpg 300w, https:\/\/maternandoac.org\/wp-content\/uploads\/2024\/11\/LOGOTIPO-MATERNANDO-768x200.jpg 768w, https:\/\/maternandoac.org\/wp-content\/uploads\/2024\/11\/LOGOTIPO-MATERNANDO-1536x399.jpg 1536w, https:\/\/maternandoac.org\/wp-content\/uploads\/2024\/11\/LOGOTIPO-MATERNANDO.jpg 1920w\" sizes=\"auto, (max-width: 1024px) 100vw, 1024px\" \/><\/figure><figcaption class=\"coblocks-gallery--caption coblocks-gallery--primary-caption\"><\/figcaption><\/div><\/div><\/div><button class=\"nav-button__prev\" id=\"12345-prev\"><svg class=\"icon\" style=\"transform:rotate(180deg)\"><\/svg><\/button><button class=\"nav-button__next\" id=\"12345-next\"><svg class=\"icon\"><\/svg><\/button><\/div><\/div><\/div>\n<\/div>\n<\/div>\n\n\n\n<figure class=\"wp-block-video\"><video height=\"1920\" style=\"aspect-ratio: 1080 \/ 1920;\" width=\"1080\" controls src=\"https:\/\/maternandoac.org\/wp-content\/uploads\/2024\/11\/2024-11-16.mp4\"><\/video><\/figure>\n\n\n\n<div class=\"wp-block-columns alignwide is-layout-flex wp-container-core-columns-is-layout-28f84493 wp-block-columns-is-layout-flex\">\n<div class=\"wp-block-column is-layout-flow wp-block-column-is-layout-flow\" style=\"flex-basis:66.66%\">\n<h2 class=\"wp-block-heading\">NOSOTROS<\/h2>\n\n\n\n<p>Somos una organizaci\u00f3n sin fines de lucro, acompa\u00f1amos a mujeres y familias que tienen complicaciones durante el posparto en casos de depresi\u00f3n, violencia, dificultades para volver al trabajo, lactancia materna y p\u00e9rdidas gestacionales.<\/p>\n<\/div>\n\n\n\n<div class=\"wp-block-column is-layout-flow wp-block-column-is-layout-flow\" style=\"flex-basis:33.33%\">\n<figure class=\"wp-block-image size-large\"><img loading=\"lazy\" decoding=\"async\" width=\"1024\" height=\"683\" src=\"http:\/\/www.maternandojalisco.org\/wp-content\/uploads\/2020\/08\/7974-1024x683.jpg\" alt=\"\" class=\"wp-image-109\" srcset=\"https:\/\/maternandoac.org\/wp-content\/uploads\/2020\/08\/7974-1024x683.jpg 1024w, https:\/\/maternandoac.org\/wp-content\/uploads\/2020\/08\/7974-scaled-600x400.jpg 600w, https:\/\/maternandoac.org\/wp-content\/uploads\/2020\/08\/7974-300x200.jpg 300w, https:\/\/maternandoac.org\/wp-content\/uploads\/2020\/08\/7974-768x512.jpg 768w, https:\/\/maternandoac.org\/wp-content\/uploads\/2020\/08\/7974-1536x1024.jpg 1536w, https:\/\/maternandoac.org\/wp-content\/uploads\/2020\/08\/7974-2048x1365.jpg 2048w\" sizes=\"auto, (max-width: 1024px) 100vw, 1024px\" \/><\/figure>\n<\/div>\n<\/div>\n\n\n\n<div class=\"wp-block-group alignwide has-no-padding has-tertiary-background-color has-background is-layout-flow wp-block-group-is-layout-flow\">\n<h2 class=\"wp-block-heading has-text-align-center\">Historia de la Instituci\u00f3n<\/h2>\n\n\n\n<div class=\"wp-block-columns is-layout-flex wp-container-core-columns-is-layout-28f84493 wp-block-columns-is-layout-flex\">\n<div class=\"wp-block-column is-layout-flow wp-block-column-is-layout-flow\">\n<h4 class=\"wp-block-heading has-text-align-center\">2013<\/h4>\n\n\n\n<p class=\"has-text-align-center\">No existe un abordaje adecuado por parte de las instituciones gubernamentales, hacia las mujeres que tienen p\u00e9rdidas de sus beb\u00e9s o complicaciones en el postparto.<\/p>\n\n\n\n<p>Se investiga el problema y se llega a la conclusi\u00f3n de que no son casos aislados, sino un problema social.<\/p>\n<\/div>\n\n\n\n<div class=\"wp-block-column is-layout-flow wp-block-column-is-layout-flow\">\n<h4 class=\"wp-block-heading has-text-align-center\">2017<\/h4>\n\n\n\n<p class=\"has-text-align-center\">Surge Maternando A.C.<\/p>\n<\/div>\n\n\n\n<div class=\"wp-block-column is-layout-flow wp-block-column-is-layout-flow\">\n<h4 class=\"wp-block-heading has-text-align-center\">2020<\/h4>\n\n\n\n<p class=\"has-text-align-center\">Donataria autorizada<br>Fase de crecimiento y desarrollo de programa para procuraci\u00f3n de fondos<\/p>\n<\/div>\n<\/div>\n<\/div>\n\n\n\n<figure class=\"wp-block-image alignwide size-large is-style-bottom-wave\"><img loading=\"lazy\" decoding=\"async\" width=\"1024\" height=\"576\" src=\"http:\/\/www.maternandojalisco.org\/wp-content\/uploads\/2020\/08\/Fabi-1024x576.jpg\" alt=\"\" class=\"wp-image-24\" srcset=\"https:\/\/maternandoac.org\/wp-content\/uploads\/2020\/08\/Fabi-1024x576.jpg 1024w, https:\/\/maternandoac.org\/wp-content\/uploads\/2020\/08\/Fabi-600x338.jpg 600w, https:\/\/maternandoac.org\/wp-content\/uploads\/2020\/08\/Fabi-300x169.jpg 300w, https:\/\/maternandoac.org\/wp-content\/uploads\/2020\/08\/Fabi-768x432.jpg 768w, https:\/\/maternandoac.org\/wp-content\/uploads\/2020\/08\/Fabi.jpg 1080w\" sizes=\"auto, (max-width: 1024px) 100vw, 1024px\" \/><figcaption class=\"wp-element-caption\">Tenemos muchos cursos de temas de inter\u00e9s<\/figcaption><\/figure>\n\n\n\n<div class=\"wp-block-group alignwide is-layout-flow wp-block-group-is-layout-flow\">\n<h2 class=\"wp-block-heading has-text-align-center\">Filosof\u00eda Institucional<\/h2>\n\n\n\n<div class=\"wp-block-coblocks-features alignfull coblocks-features-7142041440 alignwide\"><div class=\"wp-block-coblocks-features__inner has-columns has-3-columns has-responsive-columns has-large-gutter has-left-content\">\n\n<div class=\"wp-block-coblocks-feature coblocks-feature-71420414465\"><div class=\"wp-block-coblocks-feature__inner has-no-padding\">\n<div class=\"wp-block-coblocks-icon\">\n\t\t\t\t<div class=\"wp-block-coblocks-icon__inner has-text-color has-primary-color\" style=\"height: 60px; width: 60px;\">\n\t\t\t\t\t<svg fill=\"none\" viewBox=\"0 0 20 20\" xmlns=\"http:\/\/www.w3.org\/2000\/svg\"><path d=\"m10.0268555 5.68859375.97 2.29.47 1.11 1.2.1 2.47.21-1.88 1.62999995-.91.79.27 1.18.56 2.41-2.12-1.28-1.03-.64-1.03000003.62-2.12 1.28.56-2.41.27-1.18-.91-.79-1.88-1.62999995 2.47-.21 1.2-.1.47-1.11zm0-5.13-2.81000003 6.63-7.19.61 5.46 4.72999995-1.64 7.03 6.18000003-3.73 6.18 3.73-1.64-7.03 5.46-4.72999995-7.19-.61z\" fill=\"currentColor\" \/><\/svg>\n\t\t\t\t<\/div>\n\t\t\t<\/div>\n\n<h3 class=\"wp-block-heading\">Misi\u00f3n<\/h3>\n\n\n<p>Ser una organizaci\u00f3n preocupada por prevenir y atender las complicaciones psicol\u00f3gicas y sociales que se presentan durante el per\u00edodo posparto buscando brindar una atenci\u00f3n especializada e integral para asegurar el desarrollo \u00f3ptimo delas mujeres que son mam\u00e1s, as\u00ed como de sus familias.<\/p>\n\n<\/div><\/div>\n\n\n<div class=\"wp-block-coblocks-feature coblocks-feature-71420414472\"><div class=\"wp-block-coblocks-feature__inner has-no-padding\">\n<div class=\"wp-block-coblocks-icon\">\n\t\t\t\t<div class=\"wp-block-coblocks-icon__inner has-text-color has-primary-color\" style=\"height: 60px; width: 60px;\">\n\t\t\t\t\t<svg fill=\"none\" viewBox=\"0 0 20 20\" xmlns=\"http:\/\/www.w3.org\/2000\/svg\"><path d=\"m4.08163265 16.3265306c-2.25510204 0-4.08163265-1.8265306-4.08163265-4.0816326 0-2.25510208 1.82653061-4.08163269 4.08163265-4.08163269s4.08163266 1.82653061 4.08163266 4.08163269c0 2.255102-1.82653062 4.0816326-4.08163266 4.0816326zm0-6.122449c-1.12244898 0-2.04081632.9183674-2.04081632 2.0408164 0 1.1224489.91836734 2.0408163 2.04081632 2.0408163s2.04081633-.9183674 2.04081633-2.0408163c0-1.122449-.91836735-2.0408164-2.04081633-2.0408164zm7.08163265-2.04081629c-2.25510203 0-4.08163265-1.82653062-4.08163265-4.08163266s1.82653062-4.08163265 4.08163265-4.08163265c2.255102 0 4.0816327 1.82653061 4.0816327 4.08163265s-1.8265307 4.08163266-4.0816327 4.08163266zm0-6.12244898c-1.122449 0-2.04081632.91836734-2.04081632 2.04081632s.91836732 2.04081633 2.04081632 2.04081633 2.0408163-.91836735 2.0408163-2.04081633-.9183673-2.04081632-2.0408163-2.04081632zm4.7142857 17.95918367c-2.255102 0-4.0816326-1.8265306-4.0816326-4.0816327 0-2.255102 1.8265306-4.0816326 4.0816326-4.0816326 2.2551021 0 4.0816327 1.8265306 4.0816327 4.0816326 0 2.2551021-1.8265306 4.0816327-4.0816327 4.0816327zm0-6.122449c-1.122449 0-2.0408163.9183674-2.0408163 2.0408163 0 1.122449.9183673 2.0408164 2.0408163 2.0408164s2.0408163-.9183674 2.0408163-2.0408164c0-1.1224489-.9183673-2.0408163-2.0408163-2.0408163z\" fill=\"currentColor\" \/><\/svg>\n\t\t\t\t<\/div>\n\t\t\t<\/div>\n\n<h3 class=\"wp-block-heading\">Visi\u00f3n<\/h3>\n\n\n<p>Convertirnos en una organizaci\u00f3n con crecimiento a nivel nacional para posicionar el tema de maternidad post-parto como importante dentro de la agenda p\u00fablica de M\u00e9xico con la intenci\u00f3n de prevenir y atender las complicaciones psicol\u00f3gicas que se presentan durante el per\u00edodo posparto, promoviendo el desarrollo \u00f3ptimo de las mujeres que son mam\u00e1s, as\u00ed como de sus familias.<\/p>\n\n<\/div><\/div>\n\n\n<div class=\"wp-block-coblocks-feature coblocks-feature-722201445764\"><div class=\"wp-block-coblocks-feature__inner has-no-padding\">\n<div class=\"wp-block-coblocks-icon\">\n\t\t\t\t<div class=\"wp-block-coblocks-icon__inner\" style=\"height: 60px; width: 60px;\">\n\t\t\t\t\t<svg fill=\"none\" viewBox=\"0 0 20 20\" xmlns=\"http:\/\/www.w3.org\/2000\/svg\"><path d=\"m5.45454545 9.09090909h-5.45454545v1.81818181h5.45454545zm1.97272728-2.94545454-1.92727273-1.92727273-1.28181818 1.28181818 1.92727273 1.92727273zm3.48181817-6.14545455h-1.81818181v5.45454545h1.81818181zm4.8727273 5.5-1.2818182-1.28181818-1.9272727 1.92727273 1.2818182 1.28181818zm-1.2363637 3.59090909v1.81818181h5.4545455v-1.81818181zm-4.5454545-1.81818182c-1.50909091 0-2.72727273 1.21818182-2.72727273 2.72727273 0 1.5090909 1.21818182 2.7272727 2.72727273 2.7272727 1.5090909 0 2.7272727-1.2181818 2.7272727-2.7272727 0-1.50909091-1.2181818-2.72727273-2.7272727-2.72727273zm2.5727273 6.58181823 1.9272727 1.9272727 1.2818182-1.2818182-1.9272727-1.9272727zm-8.35454548.6454545 1.28181818 1.2818182 1.92727273-1.9272727-1.28181818-1.2818182zm4.87272727 5.5h1.81818181v-5.4545455h-1.81818181z\" fill=\"currentColor\" \/><\/svg>\n\t\t\t\t<\/div>\n\t\t\t<\/div>\n\n<h4 class=\"wp-block-heading\">Valores<\/h4>\n\n\n<p>Empat\u00eda con las madres y familias que se encuentran en proceso de adaptaci\u00f3n ante un beb\u00e9.<br><\/p>\n\n\n<p>Respeto ante la diversidad cultural existente dentro del tema de la maternidad.<br><\/p>\n\n\n<p>Confianza mutua entre los profesionales que ofertan nuestros servicios y los usuarios que hacen uso de ellos.<br><\/p>\n\n\n<p>Eficiencia y eficacia en nuestro modelo de atenci\u00f3n para que los profesionales de la salud y las familias que hacen uso de nuestros servicios obtengan resultados y puedan aplicarlos en su vida profesional o cotidiana.<\/p>\n\n<\/div><\/div>\n\n<\/div><\/div>\n<\/div>\n\n\n\n<div class=\"wp-block-group alignwide has-tertiary-background-color has-background is-layout-flow wp-block-group-is-layout-flow\">\n<h2 class=\"wp-block-heading has-text-align-center\">\u00bfPodemos contar contigo?<\/h2>\n\n\n\n<div class=\"wp-block-button aligncenter\"><a class=\"wp-block-button__link wp-element-button\" href=\"http:\/\/www.maternandoac.org\/unete-a-nosotros\/\">\u00danete a nuestra causa<\/a><\/div>\n<\/div>\n","protected":false},"excerpt":{"rendered":"<p>NOSOTROS Somos una organizaci\u00f3n sin fines de lucro, acompa\u00f1amos a mujeres y familias que tienen complicaciones durante el posparto en casos de depresi\u00f3n, violencia, dificultades para volver al trabajo, lactancia materna y p\u00e9rdidas gestacionales. Historia de la Instituci\u00f3n 2013 No existe un abordaje adecuado por parte de las instituciones gubernamentales, hacia las mujeres que tienen [&hellip;]<\/p>\n","protected":false},"author":3,"featured_media":0,"parent":0,"menu_order":0,"comment_status":"closed","ping_status":"closed","template":"","meta":{"_coblocks_attr":"","_coblocks_dimensions":"{\"coblocks-hero-82516314142\":{\"padding\":{}}}","_coblocks_responsive_height":"","_coblocks_accordion_ie_support":"","footnotes":""},"class_list":["post-8","page","type-page","status-publish","hentry"],"_links":{"self":[{"href":"https:\/\/maternandoac.org\/index.php?rest_route=\/wp\/v2\/pages\/8","targetHints":{"allow":["GET"]}}],"collection":[{"href":"https:\/\/maternandoac.org\/index.php?rest_route=\/wp\/v2\/pages"}],"about":[{"href":"https:\/\/maternandoac.org\/index.php?rest_route=\/wp\/v2\/types\/page"}],"author":[{"embeddable":true,"href":"https:\/\/maternandoac.org\/index.php?rest_route=\/wp\/v2\/users\/3"}],"replies":[{"embeddable":true,"href":"https:\/\/maternandoac.org\/index.php?rest_route=%2Fwp%2Fv2%2Fcomments&post=8"}],"version-history":[{"count":10,"href":"https:\/\/maternandoac.org\/index.php?rest_route=\/wp\/v2\/pages\/8\/revisions"}],"predecessor-version":[{"id":280,"href":"https:\/\/maternandoac.org\/index.php?rest_route=\/wp\/v2\/pages\/8\/revisions\/280"}],"wp:attachment":[{"href":"https:\/\/maternandoac.org\/index.php?rest_route=%2Fwp%2Fv2%2Fmedia&parent=8"}],"curies":[{"name":"wp","href":"https:\/\/api.w.org\/{rel}","templated":true}]}}