{"id":11,"date":"2020-08-17T21:59:16","date_gmt":"2020-08-18T03:59:16","guid":{"rendered":"http:\/\/www.maternandojalisco.org\/acerca-de\/"},"modified":"2020-08-25T18:35:33","modified_gmt":"2020-08-26T00:35:33","slug":"acerca-de","status":"publish","type":"page","link":"https:\/\/maternandoac.org\/?page_id=11","title":{"rendered":"Historia"},"content":{"rendered":"\n<figure class=\"wp-block-image size-large\"><img loading=\"lazy\" decoding=\"async\" width=\"1003\" height=\"610\" src=\"http:\/\/www.maternandojalisco.org\/wp-content\/uploads\/2020\/08\/Historia1-1.jpg\" alt=\"\" class=\"wp-image-81\" srcset=\"https:\/\/maternandoac.org\/wp-content\/uploads\/2020\/08\/Historia1-1.jpg 1003w, https:\/\/maternandoac.org\/wp-content\/uploads\/2020\/08\/Historia1-1-600x365.jpg 600w, https:\/\/maternandoac.org\/wp-content\/uploads\/2020\/08\/Historia1-1-300x182.jpg 300w, https:\/\/maternandoac.org\/wp-content\/uploads\/2020\/08\/Historia1-1-768x467.jpg 768w\" sizes=\"auto, (max-width: 1003px) 100vw, 1003px\" \/><\/figure>\n\n\n\n<div class=\"wp-block-columns alignwide is-layout-flex wp-container-core-columns-is-layout-28f84493 wp-block-columns-is-layout-flex\">\n<div class=\"wp-block-column is-layout-flow wp-block-column-is-layout-flow\">\n<h4 class=\"has-text-align-center wp-block-heading\">2013<\/h4>\n\n\n\n<p class=\"has-text-align-center\">No existe un abordaje adecuado por parte de las instituciones gubernamentales, hacia las mujeres que tienen p\u00e9rdidas de sus beb\u00e9s o complicaciones en el postparto.<\/p>\n\n\n\n<p>Se investiga el problema y se llega a la conclusi\u00f3n de que no son casos aislados, sino un problema social.<\/p>\n<\/div>\n\n\n\n<div class=\"wp-block-column is-layout-flow wp-block-column-is-layout-flow\">\n<h4 class=\"has-text-align-center wp-block-heading\">2017<\/h4>\n\n\n\n<p class=\"has-text-align-center\">Surge Maternando A.C.<\/p>\n<\/div>\n\n\n\n<div class=\"wp-block-column is-layout-flow wp-block-column-is-layout-flow\">\n<h4 class=\"has-text-align-center wp-block-heading\">2020<\/h4>\n\n\n\n<p class=\"has-text-align-center\">Donataria autorizada<br>Fase de crecimiento y desarrollo de programa para procuraci\u00f3n de fondos<\/p>\n<\/div>\n<\/div>\n\n\n\n<figure class=\"wp-block-image size-large\"><img loading=\"lazy\" decoding=\"async\" width=\"997\" height=\"584\" src=\"http:\/\/www.maternandojalisco.org\/wp-content\/uploads\/2020\/08\/Historia2.jpg\" alt=\"\" class=\"wp-image-83\" srcset=\"https:\/\/maternandoac.org\/wp-content\/uploads\/2020\/08\/Historia2.jpg 997w, https:\/\/maternandoac.org\/wp-content\/uploads\/2020\/08\/Historia2-600x351.jpg 600w, https:\/\/maternandoac.org\/wp-content\/uploads\/2020\/08\/Historia2-300x176.jpg 300w, https:\/\/maternandoac.org\/wp-content\/uploads\/2020\/08\/Historia2-768x450.jpg 768w\" sizes=\"auto, (max-width: 997px) 100vw, 997px\" \/><\/figure>\n","protected":false},"excerpt":{"rendered":"<p>2013 No existe un abordaje adecuado por parte de las instituciones gubernamentales, hacia las mujeres que tienen p\u00e9rdidas de sus beb\u00e9s o complicaciones en el postparto. Se investiga el problema y se llega a la conclusi\u00f3n de que no son casos aislados, sino un problema social. 2017 Surge Maternando A.C. 2020 Donataria autorizadaFase de crecimiento [&hellip;]<\/p>\n","protected":false},"author":3,"featured_media":0,"parent":0,"menu_order":0,"comment_status":"closed","ping_status":"closed","template":"","meta":{"_coblocks_attr":"","_coblocks_dimensions":"","_coblocks_responsive_height":"","_coblocks_accordion_ie_support":"","footnotes":""},"class_list":["post-11","page","type-page","status-publish","hentry"],"_links":{"self":[{"href":"https:\/\/maternandoac.org\/index.php?rest_route=\/wp\/v2\/pages\/11","targetHints":{"allow":["GET"]}}],"collection":[{"href":"https:\/\/maternandoac.org\/index.php?rest_route=\/wp\/v2\/pages"}],"about":[{"href":"https:\/\/maternandoac.org\/index.php?rest_route=\/wp\/v2\/types\/page"}],"author":[{"embeddable":true,"href":"https:\/\/maternandoac.org\/index.php?rest_route=\/wp\/v2\/users\/3"}],"replies":[{"embeddable":true,"href":"https:\/\/maternandoac.org\/index.php?rest_route=%2Fwp%2Fv2%2Fcomments&post=11"}],"version-history":[{"count":5,"href":"https:\/\/maternandoac.org\/index.php?rest_route=\/wp\/v2\/pages\/11\/revisions"}],"predecessor-version":[{"id":127,"href":"https:\/\/maternandoac.org\/index.php?rest_route=\/wp\/v2\/pages\/11\/revisions\/127"}],"wp:attachment":[{"href":"https:\/\/maternandoac.org\/index.php?rest_route=%2Fwp%2Fv2%2Fmedia&parent=11"}],"curies":[{"name":"wp","href":"https:\/\/api.w.org\/{rel}","templated":true}]}}